{"id":41,"date":"2025-09-16T19:00:46","date_gmt":"2025-09-16T19:00:46","guid":{"rendered":"http:\/\/adaconseils.com\/?page_id=41"},"modified":"2025-09-18T06:21:39","modified_gmt":"2025-09-18T06:21:39","slug":"contact","status":"publish","type":"page","link":"https:\/\/adaconseils.com\/?page_id=41","title":{"rendered":"Contact"},"content":{"rendered":"\t\t<div data-elementor-type=\"wp-page\" data-elementor-id=\"41\" class=\"elementor elementor-41\">\n\t\t\t\t<div class=\"elementor-element elementor-element-714935c e-flex e-con-boxed e-con e-parent\" data-id=\"714935c\" data-element_type=\"container\" data-settings=\"{&quot;background_background&quot;:&quot;classic&quot;}\">\n\t\t\t\t\t<div class=\"e-con-inner\">\n\t\t\t\t<div class=\"elementor-element elementor-element-8e1ced8 elementor-widget elementor-widget-heading\" data-id=\"8e1ced8\" data-element_type=\"widget\" data-widget_type=\"heading.default\">\n\t\t\t\t\t<h2 class=\"elementor-heading-title elementor-size-default\">Contact<\/h2>\t\t\t\t<\/div>\n\t\t\t\t\t<\/div>\n\t\t\t\t<\/div>\n\t\t<div class=\"elementor-element elementor-element-fda7fd4 e-flex e-con-boxed e-con e-parent\" data-id=\"fda7fd4\" data-element_type=\"container\">\n\t\t\t\t\t<div class=\"e-con-inner\">\n\t\t\t\t<div class=\"elementor-element elementor-element-82a6e19 elementor-widget elementor-widget-heading\" data-id=\"82a6e19\" data-element_type=\"widget\" data-widget_type=\"heading.default\">\n\t\t\t\t\t<h2 class=\"elementor-heading-title elementor-size-default\">Besoin de renseignements compl\u00e9mentaires ?<\/h2>\t\t\t\t<\/div>\n\t\t\t\t\t<\/div>\n\t\t\t\t<\/div>\n\t\t<div class=\"elementor-element elementor-element-13a8707 e-flex e-con-boxed e-con e-parent\" data-id=\"13a8707\" data-element_type=\"container\">\n\t\t\t\t\t<div class=\"e-con-inner\">\n\t\t\t\t<div class=\"elementor-element elementor-element-52c1670 elementor-widget elementor-widget-text-editor\" data-id=\"52c1670\" data-element_type=\"widget\" data-widget_type=\"text-editor.default\">\n\t\t\t\t\t\t\t\t\t<p>Pour toute demande de renseignement compl\u00e9mentaire ou pour obtenir un devis adapt\u00e9 \u00e0 vos besoins, n&rsquo;hesitez pas \u00e0 nous communiquer vos informations.<\/p><p>Nous vous contacterons dans les plus brefs d\u00e9lais.<\/p>\t\t\t\t\t\t\t\t<\/div>\n\t\t\t\t\t<\/div>\n\t\t\t\t<\/div>\n\t\t<div class=\"elementor-element elementor-element-73a5cc0 e-flex e-con-boxed e-con e-parent\" data-id=\"73a5cc0\" data-element_type=\"container\">\n\t\t\t\t\t<div class=\"e-con-inner\">\n\t\t\t\t<div class=\"elementor-element elementor-element-092a15e elementor-widget elementor-widget-formidable\" data-id=\"092a15e\" data-element_type=\"widget\" data-widget_type=\"formidable.default\">\n\t\t\t\t<div class=\"elementor-widget-container\">\n\t\t\t\t\t<div class=\"frm_forms  with_frm_style frm_style_style-formidable\" id=\"frm_form_2_container\" data-token=\"9402dffd7360136295657e69630d0adf\">\n<form enctype=\"multipart\/form-data\" method=\"post\" class=\"frm-show-form \" id=\"form_demande-de-contact\" data-token=\"9402dffd7360136295657e69630d0adf\">\n<div class=\"frm_form_fields \">\n<fieldset>\n<legend class=\"frm_screen_reader\">Demande de contact<\/legend>\r\n\r\n<div class=\"frm_fields_container\">\n<input type=\"hidden\" name=\"frm_action\" value=\"create\" \/>\n<input type=\"hidden\" name=\"form_id\" value=\"2\" \/>\n<input type=\"hidden\" name=\"frm_hide_fields_2\" id=\"frm_hide_fields_2\" value=\"\" \/>\n<input type=\"hidden\" name=\"form_key\" value=\"demande-de-contact\" \/>\n<input type=\"hidden\" name=\"item_meta[0]\" value=\"\" \/>\n<input type=\"hidden\" id=\"frm_submit_entry_2\" name=\"frm_submit_entry_2\" value=\"1d8fc7f50c\" \/><input type=\"hidden\" name=\"_wp_http_referer\" value=\"\/index.php?rest_route=%2Fwp%2Fv2%2Fpages%2F41\" \/><div id=\"frm_field_7_container\" class=\"frm_form_field form-field  frm_required_field frm_top_container frm12 frm_first\">\r\n\t<label for=\"field_sayte\" id=\"field_sayte_label\" class=\"frm_primary_label\">Nom & Pr\u00e9nom\r\n\t\t<span class=\"frm_required\" aria-hidden=\"true\">*<\/span>\r\n\t<\/label>\r\n\t<input type=\"text\" id=\"field_sayte\" name=\"item_meta[7]\" value=\"\"  placeholder=\"Nom &amp; Pr\u00e9nom\" data-reqmsg=\"Nom &amp; Pr\u00e9nom ne peut pas \u00eatre vide.\" aria-required=\"true\" data-invmsg=\"Nom &amp; Pr\u00e9nom est non valide\" aria-invalid=\"false\"  \/>\r\n\t\r\n\t\r\n<\/div>\n<div id=\"frm_field_9_container\" class=\"frm_form_field form-field  frm_required_field frm_top_container frm12 frm_first\">\r\n\t<label for=\"field_dt7fw\" id=\"field_dt7fw_label\" class=\"frm_primary_label\">Soci\u00e9t\u00e9\r\n\t\t<span class=\"frm_required\" aria-hidden=\"true\">*<\/span>\r\n\t<\/label>\r\n\t<input type=\"text\" id=\"field_dt7fw\" name=\"item_meta[9]\" value=\"\"  placeholder=\"Soci\u00e9t\u00e9\" data-reqmsg=\"Soci\u00e9t\u00e9 ne peut pas \u00eatre vide.\" aria-required=\"true\" data-invmsg=\"Soci\u00e9t\u00e9 est non valide\" aria-invalid=\"false\"  \/>\r\n\t\r\n\t\r\n<\/div>\n<div id=\"frm_field_13_container\" class=\"frm_form_field form-field  frm_required_field frm_top_container\">\r\n\t<label for=\"field_kf7bh\" id=\"field_kf7bh_label\" class=\"frm_primary_label\">E-mail\r\n\t\t<span class=\"frm_required\" aria-hidden=\"true\">*<\/span>\r\n\t<\/label>\r\n\t<input type=\"email\" id=\"field_kf7bh\" name=\"item_meta[13]\" value=\"\"  placeholder=\"E-mail\" data-reqmsg=\"E-mail ne peut pas \u00eatre vide.\" aria-required=\"true\" data-invmsg=\"E-mail est non valide\" aria-invalid=\"false\"  \/>\r\n\t\r\n\t\r\n<\/div>\n<div id=\"frm_field_11_container\" class=\"frm_form_field form-field  frm_required_field frm_top_container\">\r\n\t<label for=\"field_70pyf\" id=\"field_70pyf_label\" class=\"frm_primary_label\">T\u00e9l\u00e9phone\r\n\t\t<span class=\"frm_required\" aria-hidden=\"true\">*<\/span>\r\n\t<\/label>\r\n\t<input type=\"tel\" id=\"field_70pyf\" name=\"item_meta[11]\" value=\"\"  placeholder=\"T\u00e9l\u00e9phone\" data-reqmsg=\"T\u00e9l\u00e9phone ne peut pas \u00eatre vide.\" aria-required=\"true\" data-invmsg=\"T\u00e9l\u00e9phone est non valide\" aria-invalid=\"false\" pattern=\"((\\+\\d{1,3}(-|.| )?\\(?\\d\\)?(-| |.)?\\d{1,5})|(\\(?\\d{2,6}\\)?))(-|.| )?(\\d{3,4})(-|.| )?(\\d{4})(( x| ext)\\d{1,5}){0,1}$\"  \/>\r\n\t\r\n\t\r\n<\/div>\n<div id=\"frm_field_12_container\" class=\"frm_form_field form-field  frm_top_container\">\r\n\t<label for=\"field_7aiu4\" id=\"field_7aiu4_label\" class=\"frm_primary_label\">Quelle est votre demande ?\r\n\t\t<span class=\"frm_required\" aria-hidden=\"true\"><\/span>\r\n\t<\/label>\r\n\t<textarea name=\"item_meta[12]\" id=\"field_7aiu4\" rows=\"5\"  placeholder=\"Quelle est votre demande ?\" data-invmsg=\"Quelle est votre demande ? est non valide\" aria-invalid=\"false\"  ><\/textarea>\r\n\t\r\n\t\r\n<\/div>\n<div id=\"frm_field_16_container\" class=\"frm_form_field form-field  frm_none_container\">\n\t<label for=\"cf-turnstile-response\" id=\"field_4s21p_label\" class=\"frm_primary_label\">Captcha\n\t\t<span class=\"frm_required\" aria-hidden=\"true\"><\/span>\n\t<\/label>\n\t<div  id=\"field_4s21p\" class=\"frm-cf-turnstile\" data-sitekey=\"0x4AAAAAAB-pIIaOF7kE3e2u\" data-language=\"fr-FR\" data-size=\"normal\" data-theme=\"light\"><\/div>\n\t\n\t\n<\/div>\n<div id=\"frm_field_6_container\" class=\"frm_form_field form-field  frm12 frm_first\">\r\n\t<div class=\"frm_submit frm_flex\">\r\n<button class=\"frm_button_submit\" type=\"submit\"  >Envoyer<\/button>\r\n\r\n\r\n\r\n<\/div>\r\n<\/div>\n\t<input type=\"hidden\" name=\"item_key\" value=\"\" \/>\n\t\t\t<div id=\"frm_field_17_container\">\n\t\t\t<label for=\"field_kc1t3\" >\n\t\t\t\tSi vous \u00eates un humain, ne remplissez pas ce champ.\t\t\t<\/label>\n\t\t\t<input  id=\"field_kc1t3\" type=\"text\" class=\"frm_form_field form-field frm_verify\" name=\"item_meta[17]\" value=\"\"  \/>\n\t\t<\/div>\n\t\t<input name=\"frm_state\" type=\"hidden\" value=\"mv\/D7qbnIfk9EKmYwPZ4PlE1pJWfQRbnagrburZAWt8=\" \/><\/div>\n<\/fieldset>\n<\/div>\n\n<\/form>\n<\/div>\n\t\t\t\t<\/div>\n\t\t\t\t<\/div>\n\t\t\t\t\t<\/div>\n\t\t\t\t<\/div>\n\t\t\t\t<\/div>\n\t\t","protected":false},"excerpt":{"rendered":"<p>Contact Besoin de renseignements compl\u00e9mentaires ? Pour toute demande de renseignement compl\u00e9mentaire ou pour obtenir un devis adapt\u00e9 \u00e0 vos besoins, n&rsquo;hesitez pas \u00e0 nous communiquer vos informations. Nous vous contacterons dans les plus brefs d\u00e9lais. Demande de contact Nom &#038; Pr\u00e9nom * Soci\u00e9t\u00e9 * E-mail * T\u00e9l\u00e9phone * Quelle est votre demande ? Envoyer [&hellip;]<\/p>\n","protected":false},"author":1,"featured_media":0,"parent":0,"menu_order":0,"comment_status":"closed","ping_status":"closed","template":"","meta":{"ocean_post_layout":"","ocean_both_sidebars_style":"","ocean_both_sidebars_content_width":0,"ocean_both_sidebars_sidebars_width":0,"ocean_sidebar":"","ocean_second_sidebar":"","ocean_disable_margins":"enable","ocean_add_body_class":"","ocean_shortcode_before_top_bar":"","ocean_shortcode_after_top_bar":"","ocean_shortcode_before_header":"","ocean_shortcode_after_header":"","ocean_has_shortcode":"","ocean_shortcode_after_title":"","ocean_shortcode_before_footer_widgets":"","ocean_shortcode_after_footer_widgets":"","ocean_shortcode_before_footer_bottom":"","ocean_shortcode_after_footer_bottom":"","ocean_display_top_bar":"default","ocean_display_header":"default","ocean_header_style":"","ocean_center_header_left_menu":"","ocean_custom_header_template":"","ocean_custom_logo":0,"ocean_custom_retina_logo":0,"ocean_custom_logo_max_width":0,"ocean_custom_logo_tablet_max_width":0,"ocean_custom_logo_mobile_max_width":0,"ocean_custom_logo_max_height":0,"ocean_custom_logo_tablet_max_height":0,"ocean_custom_logo_mobile_max_height":0,"ocean_header_custom_menu":"","ocean_menu_typo_font_family":"","ocean_menu_typo_font_subset":"","ocean_menu_typo_font_size":0,"ocean_menu_typo_font_size_tablet":0,"ocean_menu_typo_font_size_mobile":0,"ocean_menu_typo_font_size_unit":"px","ocean_menu_typo_font_weight":"","ocean_menu_typo_font_weight_tablet":"","ocean_menu_typo_font_weight_mobile":"","ocean_menu_typo_transform":"","ocean_menu_typo_transform_tablet":"","ocean_menu_typo_transform_mobile":"","ocean_menu_typo_line_height":0,"ocean_menu_typo_line_height_tablet":0,"ocean_menu_typo_line_height_mobile":0,"ocean_menu_typo_line_height_unit":"","ocean_menu_typo_spacing":0,"ocean_menu_typo_spacing_tablet":0,"ocean_menu_typo_spacing_mobile":0,"ocean_menu_typo_spacing_unit":"","ocean_menu_link_color":"","ocean_menu_link_color_hover":"","ocean_menu_link_color_active":"","ocean_menu_link_background":"","ocean_menu_link_hover_background":"","ocean_menu_link_active_background":"","ocean_menu_social_links_bg":"","ocean_menu_social_hover_links_bg":"","ocean_menu_social_links_color":"","ocean_menu_social_hover_links_color":"","ocean_disable_title":"on","ocean_disable_heading":"default","ocean_post_title":"","ocean_post_subheading":"","ocean_post_title_style":"","ocean_post_title_background_color":"","ocean_post_title_background":0,"ocean_post_title_bg_image_position":"","ocean_post_title_bg_image_attachment":"","ocean_post_title_bg_image_repeat":"","ocean_post_title_bg_image_size":"","ocean_post_title_height":0,"ocean_post_title_bg_overlay":0.5,"ocean_post_title_bg_overlay_color":"","ocean_disable_breadcrumbs":"off","ocean_breadcrumbs_color":"","ocean_breadcrumbs_separator_color":"","ocean_breadcrumbs_links_color":"","ocean_breadcrumbs_links_hover_color":"","ocean_display_footer_widgets":"default","ocean_display_footer_bottom":"default","ocean_custom_footer_template":"","footnotes":""},"class_list":["post-41","page","type-page","status-publish","hentry","entry"],"yoast_head":"<!-- This site is optimized with the Yoast SEO plugin v26.6 - https:\/\/yoast.com\/wordpress\/plugins\/seo\/ -->\n<title>Contact - Ada Conseils<\/title>\n<meta name=\"robots\" content=\"index, follow, max-snippet:-1, max-image-preview:large, max-video-preview:-1\" \/>\n<link rel=\"canonical\" href=\"https:\/\/adaconseils.com\/?page_id=41\" \/>\n<meta property=\"og:locale\" content=\"fr_FR\" \/>\n<meta property=\"og:type\" content=\"article\" \/>\n<meta property=\"og:title\" content=\"Contact - Ada Conseils\" \/>\n<meta property=\"og:description\" content=\"Contact Besoin de renseignements compl\u00e9mentaires ? Pour toute demande de renseignement compl\u00e9mentaire ou pour obtenir un devis adapt\u00e9 \u00e0 vos besoins, n&rsquo;hesitez pas \u00e0 nous communiquer vos informations. Nous vous contacterons dans les plus brefs d\u00e9lais. Demande de contact Nom &#038; Pr\u00e9nom * Soci\u00e9t\u00e9 * E-mail * T\u00e9l\u00e9phone * Quelle est votre demande ? Envoyer [&hellip;]\" \/>\n<meta property=\"og:url\" content=\"https:\/\/adaconseils.com\/?page_id=41\" \/>\n<meta property=\"og:site_name\" content=\"Ada Conseils\" \/>\n<meta property=\"article:modified_time\" content=\"2025-09-18T06:21:39+00:00\" \/>\n<meta name=\"twitter:card\" content=\"summary_large_image\" \/>\n<meta name=\"twitter:label1\" content=\"Dur\u00e9e de lecture estim\u00e9e\" \/>\n\t<meta name=\"twitter:data1\" content=\"1 minute\" \/>\n<script type=\"application\/ld+json\" class=\"yoast-schema-graph\">{\"@context\":\"https:\/\/schema.org\",\"@graph\":[{\"@type\":\"WebPage\",\"@id\":\"https:\/\/adaconseils.com\/?page_id=41\",\"url\":\"https:\/\/adaconseils.com\/?page_id=41\",\"name\":\"Contact - Ada Conseils\",\"isPartOf\":{\"@id\":\"https:\/\/adaconseils.com\/#website\"},\"datePublished\":\"2025-09-16T19:00:46+00:00\",\"dateModified\":\"2025-09-18T06:21:39+00:00\",\"breadcrumb\":{\"@id\":\"https:\/\/adaconseils.com\/?page_id=41#breadcrumb\"},\"inLanguage\":\"fr-FR\",\"potentialAction\":[{\"@type\":\"ReadAction\",\"target\":[\"https:\/\/adaconseils.com\/?page_id=41\"]}]},{\"@type\":\"BreadcrumbList\",\"@id\":\"https:\/\/adaconseils.com\/?page_id=41#breadcrumb\",\"itemListElement\":[{\"@type\":\"ListItem\",\"position\":1,\"name\":\"Accueil\",\"item\":\"https:\/\/adaconseils.com\/\"},{\"@type\":\"ListItem\",\"position\":2,\"name\":\"Contact\"}]},{\"@type\":\"WebSite\",\"@id\":\"https:\/\/adaconseils.com\/#website\",\"url\":\"https:\/\/adaconseils.com\/\",\"name\":\"Ada Conseils\",\"description\":\"\",\"publisher\":{\"@id\":\"https:\/\/adaconseils.com\/#organization\"},\"potentialAction\":[{\"@type\":\"SearchAction\",\"target\":{\"@type\":\"EntryPoint\",\"urlTemplate\":\"https:\/\/adaconseils.com\/?s={search_term_string}\"},\"query-input\":{\"@type\":\"PropertyValueSpecification\",\"valueRequired\":true,\"valueName\":\"search_term_string\"}}],\"inLanguage\":\"fr-FR\"},{\"@type\":\"Organization\",\"@id\":\"https:\/\/adaconseils.com\/#organization\",\"name\":\"Ada Conseils\",\"url\":\"https:\/\/adaconseils.com\/\",\"logo\":{\"@type\":\"ImageObject\",\"inLanguage\":\"fr-FR\",\"@id\":\"https:\/\/adaconseils.com\/#\/schema\/logo\/image\/\",\"url\":\"https:\/\/adaconseils.com\/wp-content\/uploads\/2025\/09\/cropped-COULEURS.png\",\"contentUrl\":\"https:\/\/adaconseils.com\/wp-content\/uploads\/2025\/09\/cropped-COULEURS.png\",\"width\":1509,\"height\":625,\"caption\":\"Ada Conseils\"},\"image\":{\"@id\":\"https:\/\/adaconseils.com\/#\/schema\/logo\/image\/\"}}]}<\/script>\n<!-- \/ Yoast SEO plugin. -->","yoast_head_json":{"title":"Contact - Ada Conseils","robots":{"index":"index","follow":"follow","max-snippet":"max-snippet:-1","max-image-preview":"max-image-preview:large","max-video-preview":"max-video-preview:-1"},"canonical":"https:\/\/adaconseils.com\/?page_id=41","og_locale":"fr_FR","og_type":"article","og_title":"Contact - Ada Conseils","og_description":"Contact Besoin de renseignements compl\u00e9mentaires ? Pour toute demande de renseignement compl\u00e9mentaire ou pour obtenir un devis adapt\u00e9 \u00e0 vos besoins, n&rsquo;hesitez pas \u00e0 nous communiquer vos informations. Nous vous contacterons dans les plus brefs d\u00e9lais. Demande de contact Nom &#038; Pr\u00e9nom * Soci\u00e9t\u00e9 * E-mail * T\u00e9l\u00e9phone * Quelle est votre demande ? Envoyer [&hellip;]","og_url":"https:\/\/adaconseils.com\/?page_id=41","og_site_name":"Ada Conseils","article_modified_time":"2025-09-18T06:21:39+00:00","twitter_card":"summary_large_image","twitter_misc":{"Dur\u00e9e de lecture estim\u00e9e":"1 minute"},"schema":{"@context":"https:\/\/schema.org","@graph":[{"@type":"WebPage","@id":"https:\/\/adaconseils.com\/?page_id=41","url":"https:\/\/adaconseils.com\/?page_id=41","name":"Contact - Ada Conseils","isPartOf":{"@id":"https:\/\/adaconseils.com\/#website"},"datePublished":"2025-09-16T19:00:46+00:00","dateModified":"2025-09-18T06:21:39+00:00","breadcrumb":{"@id":"https:\/\/adaconseils.com\/?page_id=41#breadcrumb"},"inLanguage":"fr-FR","potentialAction":[{"@type":"ReadAction","target":["https:\/\/adaconseils.com\/?page_id=41"]}]},{"@type":"BreadcrumbList","@id":"https:\/\/adaconseils.com\/?page_id=41#breadcrumb","itemListElement":[{"@type":"ListItem","position":1,"name":"Accueil","item":"https:\/\/adaconseils.com\/"},{"@type":"ListItem","position":2,"name":"Contact"}]},{"@type":"WebSite","@id":"https:\/\/adaconseils.com\/#website","url":"https:\/\/adaconseils.com\/","name":"Ada Conseils","description":"","publisher":{"@id":"https:\/\/adaconseils.com\/#organization"},"potentialAction":[{"@type":"SearchAction","target":{"@type":"EntryPoint","urlTemplate":"https:\/\/adaconseils.com\/?s={search_term_string}"},"query-input":{"@type":"PropertyValueSpecification","valueRequired":true,"valueName":"search_term_string"}}],"inLanguage":"fr-FR"},{"@type":"Organization","@id":"https:\/\/adaconseils.com\/#organization","name":"Ada Conseils","url":"https:\/\/adaconseils.com\/","logo":{"@type":"ImageObject","inLanguage":"fr-FR","@id":"https:\/\/adaconseils.com\/#\/schema\/logo\/image\/","url":"https:\/\/adaconseils.com\/wp-content\/uploads\/2025\/09\/cropped-COULEURS.png","contentUrl":"https:\/\/adaconseils.com\/wp-content\/uploads\/2025\/09\/cropped-COULEURS.png","width":1509,"height":625,"caption":"Ada Conseils"},"image":{"@id":"https:\/\/adaconseils.com\/#\/schema\/logo\/image\/"}}]}},"_links":{"self":[{"href":"https:\/\/adaconseils.com\/index.php?rest_route=\/wp\/v2\/pages\/41","targetHints":{"allow":["GET"]}}],"collection":[{"href":"https:\/\/adaconseils.com\/index.php?rest_route=\/wp\/v2\/pages"}],"about":[{"href":"https:\/\/adaconseils.com\/index.php?rest_route=\/wp\/v2\/types\/page"}],"author":[{"embeddable":true,"href":"https:\/\/adaconseils.com\/index.php?rest_route=\/wp\/v2\/users\/1"}],"replies":[{"embeddable":true,"href":"https:\/\/adaconseils.com\/index.php?rest_route=%2Fwp%2Fv2%2Fcomments&post=41"}],"version-history":[{"count":5,"href":"https:\/\/adaconseils.com\/index.php?rest_route=\/wp\/v2\/pages\/41\/revisions"}],"predecessor-version":[{"id":211,"href":"https:\/\/adaconseils.com\/index.php?rest_route=\/wp\/v2\/pages\/41\/revisions\/211"}],"wp:attachment":[{"href":"https:\/\/adaconseils.com\/index.php?rest_route=%2Fwp%2Fv2%2Fmedia&parent=41"}],"curies":[{"name":"wp","href":"https:\/\/api.w.org\/{rel}","templated":true}]}}